{"id":7,"date":"2020-06-25T14:00:08","date_gmt":"2020-06-25T17:00:08","guid":{"rendered":"http:\/\/www.francolog.com.br\/?page_id=7"},"modified":"2026-01-24T11:41:15","modified_gmt":"2026-01-24T14:41:15","slug":"sobre","status":"publish","type":"page","link":"https:\/\/montanela.com.br\/?page_id=7","title":{"rendered":"Sobre"},"content":{"rendered":"\t\t<div data-elementor-type=\"wp-page\" data-elementor-id=\"7\" class=\"elementor elementor-7\">\n\t\t\t\t\t\t<section class=\"elementor-section elementor-top-section elementor-element elementor-element-e1e06ba elementor-hidden-phone elementor-section-boxed elementor-section-height-default elementor-section-height-default\" data-id=\"e1e06ba\" data-element_type=\"section\" data-e-type=\"section\" id=\"sobre\">\n\t\t\t\t\t\t<div class=\"elementor-container elementor-column-gap-default\">\n\t\t\t\t\t<div class=\"elementor-column elementor-col-100 elementor-top-column elementor-element elementor-element-d76e862\" data-id=\"d76e862\" data-element_type=\"column\" data-e-type=\"column\">\n\t\t\t<div class=\"elementor-widget-wrap elementor-element-populated\">\n\t\t\t\t\t\t<div class=\"elementor-element elementor-element-1554284 elementor-absolute elementor-widget elementor-widget-image\" data-id=\"1554284\" data-element_type=\"widget\" data-e-type=\"widget\" data-settings=\"{&quot;_position&quot;:&quot;absolute&quot;}\" data-widget_type=\"image.default\">\n\t\t\t\t\t\t\t\t\t\t\t\t\t\t\t<img fetchpriority=\"high\" decoding=\"async\" width=\"640\" height=\"363\" src=\"https:\/\/montanela.com.br\/wp-content\/themes\/arrival\/assets\/images\/placeholder.svg\" class=\"attachment-large size-large wp-image-114 lazy\" alt=\"\" data-src=\"https:\/\/montanela.com.br\/wp-content\/uploads\/2019\/10\/map.png\" data-srcset=\"https:\/\/montanela.com.br\/wp-content\/uploads\/2019\/10\/map.png 973w, https:\/\/montanela.com.br\/wp-content\/uploads\/2019\/10\/map-300x170.png 300w, https:\/\/montanela.com.br\/wp-content\/uploads\/2019\/10\/map-768x436.png 768w\" data-sizes=\"(min-width: 960px) 75vw, 100vw\" \/>\t\t\t\t\t\t\t\t\t\t\t\t\t\t\t<\/div>\n\t\t\t\t\t<\/div>\n\t\t<\/div>\n\t\t\t\t\t<\/div>\n\t\t<\/section>\n\t\t\t\t<section class=\"elementor-section elementor-top-section elementor-element elementor-element-4b0a7ea elementor-section-boxed elementor-section-height-default elementor-section-height-default\" data-id=\"4b0a7ea\" data-element_type=\"section\" data-e-type=\"section\">\n\t\t\t\t\t\t<div class=\"elementor-container elementor-column-gap-default\">\n\t\t\t\t\t<div class=\"elementor-column elementor-col-100 elementor-top-column elementor-element elementor-element-1f04c4a\" data-id=\"1f04c4a\" data-element_type=\"column\" data-e-type=\"column\">\n\t\t\t<div class=\"elementor-widget-wrap elementor-element-populated\">\n\t\t\t\t\t\t<section class=\"elementor-section elementor-inner-section elementor-element elementor-element-cb05a27 elementor-section-boxed elementor-section-height-default elementor-section-height-default\" data-id=\"cb05a27\" data-element_type=\"section\" data-e-type=\"section\">\n\t\t\t\t\t\t<div class=\"elementor-container elementor-column-gap-default\">\n\t\t\t\t\t<div class=\"elementor-column elementor-col-50 elementor-inner-column elementor-element elementor-element-f86a75e elementor-invisible\" data-id=\"f86a75e\" data-element_type=\"column\" data-e-type=\"column\" data-settings=\"{&quot;animation&quot;:&quot;slideInLeft&quot;}\">\n\t\t\t<div class=\"elementor-widget-wrap elementor-element-populated\">\n\t\t\t\t\t\t<div class=\"elementor-element elementor-element-ca45b35 elementor-widget elementor-widget-image\" data-id=\"ca45b35\" data-element_type=\"widget\" data-e-type=\"widget\" data-widget_type=\"image.default\">\n\t\t\t\t\t\t\t\t\t\t\t\t\t\t\t<img decoding=\"async\" width=\"640\" height=\"572\" src=\"https:\/\/montanela.com.br\/wp-content\/themes\/arrival\/assets\/images\/placeholder.svg\" class=\"attachment-large size-large wp-image-1068 lazy\" alt=\"\" data-src=\"https:\/\/montanela.com.br\/wp-content\/uploads\/2022\/12\/francoLogSimbolo-PNG.png\" data-srcset=\"https:\/\/montanela.com.br\/wp-content\/uploads\/2022\/12\/francoLogSimbolo-PNG.png 695w, https:\/\/montanela.com.br\/wp-content\/uploads\/2022\/12\/francoLogSimbolo-PNG-300x268.png 300w\" data-sizes=\"(min-width: 960px) 75vw, 100vw\" \/>\t\t\t\t\t\t\t\t\t\t\t\t\t\t\t<\/div>\n\t\t\t\t\t<\/div>\n\t\t<\/div>\n\t\t\t\t<div class=\"elementor-column elementor-col-50 elementor-inner-column elementor-element elementor-element-d6c2dbc elementor-invisible\" data-id=\"d6c2dbc\" data-element_type=\"column\" data-e-type=\"column\" data-settings=\"{&quot;animation&quot;:&quot;slideInRight&quot;}\">\n\t\t\t<div class=\"elementor-widget-wrap elementor-element-populated\">\n\t\t\t\t\t\t<div class=\"elementor-element elementor-element-d27bd0f elementor-widget-divider--view-line elementor-widget elementor-widget-divider\" data-id=\"d27bd0f\" data-element_type=\"widget\" data-e-type=\"widget\" data-settings=\"{&quot;_animation&quot;:&quot;none&quot;}\" data-widget_type=\"divider.default\">\n\t\t\t\t\t\t\t<div class=\"elementor-divider\">\n\t\t\t<span class=\"elementor-divider-separator\">\n\t\t\t\t\t\t<\/span>\n\t\t<\/div>\n\t\t\t\t\t\t<\/div>\n\t\t\t\t<div class=\"elementor-element elementor-element-3693568 elementor-widget elementor-widget-heading\" data-id=\"3693568\" data-element_type=\"widget\" data-e-type=\"widget\" data-settings=\"{&quot;_animation&quot;:&quot;none&quot;}\" data-widget_type=\"heading.default\">\n\t\t\t\t\t<h2 class=\"elementor-heading-title elementor-size-default\">conhe\u00e7a a franco:<\/h2>\t\t\t\t<\/div>\n\t\t\t\t<div class=\"elementor-element elementor-element-d6c843b elementor-widget elementor-widget-text-editor\" data-id=\"d6c843b\" data-element_type=\"widget\" data-e-type=\"widget\" data-widget_type=\"text-editor.default\">\n\t\t\t\t\t\t\t\t\t<p>A Kaipper Continental Transportes, com o nome fantasia \u201cFranco Transportes\u201d, conta a experi\u00eancia de quem trabalha desde 2000 com transporte, inicialmente de pessoas e em 2008 migrando para o transporte de cargas.<\/p>\t\t\t\t\t\t\t\t<\/div>\n\t\t\t\t<div class=\"elementor-element elementor-element-38fb190 elementor-widget elementor-widget-text-editor\" data-id=\"38fb190\" data-element_type=\"widget\" data-e-type=\"widget\" data-widget_type=\"text-editor.default\">\n\t\t\t\t\t\t\t\t\t<p>Somos reconhecidos pela responsabilidade com a integridade da mercadoria, o prazo de entrega a ser cumprido e a comunica\u00e7\u00e3o direta e permanente com os envolvidos.<\/p>\t\t\t\t\t\t\t\t<\/div>\n\t\t\t\t<div class=\"elementor-element elementor-element-7de3ace elementor-widget elementor-widget-text-editor\" data-id=\"7de3ace\" data-element_type=\"widget\" data-e-type=\"widget\" data-widget_type=\"text-editor.default\">\n\t\t\t\t\t\t\t\t\t<p>A seguir seguem alguns dos principais pontos a serem destacados.<\/p>\t\t\t\t\t\t\t\t<\/div>\n\t\t\t\t\t<\/div>\n\t\t<\/div>\n\t\t\t\t\t<\/div>\n\t\t<\/section>\n\t\t\t\t\t<\/div>\n\t\t<\/div>\n\t\t\t\t\t<\/div>\n\t\t<\/section>\n\t\t\t\t<section class=\"elementor-section elementor-top-section elementor-element elementor-element-7fc3396 elementor-section-boxed elementor-section-height-default elementor-section-height-default\" data-id=\"7fc3396\" data-element_type=\"section\" data-e-type=\"section\" id=\"missao\">\n\t\t\t\t\t\t<div class=\"elementor-container elementor-column-gap-default\">\n\t\t\t\t\t<div class=\"elementor-column elementor-col-100 elementor-top-column elementor-element elementor-element-5c3fb98\" data-id=\"5c3fb98\" data-element_type=\"column\" data-e-type=\"column\">\n\t\t\t<div class=\"elementor-widget-wrap elementor-element-populated\">\n\t\t\t\t\t\t<section class=\"elementor-section elementor-inner-section elementor-element elementor-element-36a8762 elementor-section-boxed elementor-section-height-default elementor-section-height-default\" data-id=\"36a8762\" data-element_type=\"section\" data-e-type=\"section\">\n\t\t\t\t\t\t<div class=\"elementor-container elementor-column-gap-default\">\n\t\t\t\t\t<div class=\"elementor-column elementor-col-50 elementor-inner-column elementor-element elementor-element-1cb51a0 elementor-invisible\" data-id=\"1cb51a0\" data-element_type=\"column\" data-e-type=\"column\" data-settings=\"{&quot;animation&quot;:&quot;pulse&quot;,&quot;animation_delay&quot;:200}\">\n\t\t\t<div class=\"elementor-widget-wrap elementor-element-populated\">\n\t\t\t\t\t\t<div class=\"elementor-element elementor-element-708dbd9 elementor-widget elementor-widget-heading\" data-id=\"708dbd9\" data-element_type=\"widget\" data-e-type=\"widget\" data-widget_type=\"heading.default\">\n\t\t\t\t\t<h2 class=\"elementor-heading-title elementor-size-default\">Miss\u00e3o<\/h2>\t\t\t\t<\/div>\n\t\t\t\t<div class=\"elementor-element elementor-element-fd95d72 elementor-widget elementor-widget-text-editor\" data-id=\"fd95d72\" data-element_type=\"widget\" data-e-type=\"widget\" data-widget_type=\"text-editor.default\">\n\t\t\t\t\t\t\t\t\t<p>Prestar servi\u00e7o de transporte com transpar\u00eancia, agilidade e seguran\u00e7a, garantindo a confiabilidade da frota por meio de processos pr\u00f3prios de controle e manuten\u00e7\u00e3o, priorizando a sustentabilidade de futuros neg\u00f3cios e o crescimento m\u00fatuo.<\/p>\t\t\t\t\t\t\t\t<\/div>\n\t\t\t\t\t<\/div>\n\t\t<\/div>\n\t\t\t\t<div class=\"elementor-column elementor-col-50 elementor-inner-column elementor-element elementor-element-ee6b943 elementor-invisible\" data-id=\"ee6b943\" data-element_type=\"column\" data-e-type=\"column\" data-settings=\"{&quot;animation&quot;:&quot;pulse&quot;,&quot;animation_delay&quot;:400}\">\n\t\t\t<div class=\"elementor-widget-wrap elementor-element-populated\">\n\t\t\t\t\t\t<div class=\"elementor-element elementor-element-636edb0 elementor-widget elementor-widget-heading\" data-id=\"636edb0\" data-element_type=\"widget\" data-e-type=\"widget\" data-widget_type=\"heading.default\">\n\t\t\t\t\t<h2 class=\"elementor-heading-title elementor-size-default\">Vis\u00e3o<\/h2>\t\t\t\t<\/div>\n\t\t\t\t<div class=\"elementor-element elementor-element-dc7c557 elementor-widget elementor-widget-text-editor\" data-id=\"dc7c557\" data-element_type=\"widget\" data-e-type=\"widget\" data-widget_type=\"text-editor.default\">\n\t\t\t\t\t\t\t\t\t<p>Estar entre as principais prestadoras de servi\u00e7os log\u00edsticos que atuam no transporte seco e refrigerado, em \u00e2mbito nacional e internacional. <\/p>\t\t\t\t\t\t\t\t<\/div>\n\t\t\t\t\t<\/div>\n\t\t<\/div>\n\t\t\t\t\t<\/div>\n\t\t<\/section>\n\t\t\t\t<section class=\"elementor-section elementor-inner-section elementor-element elementor-element-159d96a elementor-section-boxed elementor-section-height-default elementor-section-height-default\" data-id=\"159d96a\" data-element_type=\"section\" data-e-type=\"section\">\n\t\t\t\t\t\t<div class=\"elementor-container elementor-column-gap-default\">\n\t\t\t\t\t<div class=\"elementor-column elementor-col-100 elementor-inner-column elementor-element elementor-element-c16b795 elementor-invisible\" data-id=\"c16b795\" data-element_type=\"column\" data-e-type=\"column\" data-settings=\"{&quot;animation&quot;:&quot;pulse&quot;,&quot;animation_delay&quot;:600}\">\n\t\t\t<div class=\"elementor-widget-wrap elementor-element-populated\">\n\t\t\t\t\t\t<div class=\"elementor-element elementor-element-676fd26 elementor-widget elementor-widget-heading\" data-id=\"676fd26\" data-element_type=\"widget\" data-e-type=\"widget\" data-widget_type=\"heading.default\">\n\t\t\t\t\t<h2 class=\"elementor-heading-title elementor-size-default\">Valores<\/h2>\t\t\t\t<\/div>\n\t\t\t\t<div class=\"elementor-element elementor-element-02cfb19 elementor-widget elementor-widget-text-editor\" data-id=\"02cfb19\" data-element_type=\"widget\" data-e-type=\"widget\" data-widget_type=\"text-editor.default\">\n\t\t\t\t\t\t\t\t\t<p>Comprometimento com as legisla\u00e7\u00f5es nas \u00e1reas de atua\u00e7\u00e3o, com acordos e responsabilidades.<\/p><p>Coer\u00eancia e respeito no relacionamento com clientes e demais entes envolvidos.<\/p><p>Cuidado com o Ser Humano, o meio ambiente e as comunidades onde atua.<\/p><p>A\u00e7\u00f5es dentro de padr\u00f5es \u00e9ticos e morais.<\/p><p>Opera\u00e7\u00f5es dentro de princ\u00edpios de Sustentabilidade do meio em que estamos inseridos.<\/p>\t\t\t\t\t\t\t\t<\/div>\n\t\t\t\t\t<\/div>\n\t\t<\/div>\n\t\t\t\t\t<\/div>\n\t\t<\/section>\n\t\t\t\t\t<\/div>\n\t\t<\/div>\n\t\t\t\t\t<\/div>\n\t\t<\/section>\n\t\t\t\t<section class=\"elementor-section elementor-top-section elementor-element elementor-element-e489e48 elementor-section-boxed elementor-section-height-default elementor-section-height-default\" data-id=\"e489e48\" data-element_type=\"section\" data-e-type=\"section\">\n\t\t\t\t\t\t<div class=\"elementor-container elementor-column-gap-default\">\n\t\t\t\t\t<div class=\"elementor-column elementor-col-50 elementor-top-column elementor-element elementor-element-92f5494\" data-id=\"92f5494\" data-element_type=\"column\" data-e-type=\"column\">\n\t\t\t<div class=\"elementor-widget-wrap\">\n\t\t\t\t\t\t\t<\/div>\n\t\t<\/div>\n\t\t\t\t<div class=\"elementor-column elementor-col-50 elementor-top-column elementor-element elementor-element-2f2cd8b\" data-id=\"2f2cd8b\" data-element_type=\"column\" data-e-type=\"column\">\n\t\t\t<div class=\"elementor-widget-wrap elementor-element-populated\">\n\t\t\t\t\t\t<div class=\"elementor-element elementor-element-635fdeb elementor-absolute elementor-widget elementor-widget-image\" data-id=\"635fdeb\" data-element_type=\"widget\" data-e-type=\"widget\" data-settings=\"{&quot;_position&quot;:&quot;absolute&quot;}\" data-widget_type=\"image.default\">\n\t\t\t\t\t\t\t\t\t\t\t\t\t\t\t<img decoding=\"async\" width=\"640\" height=\"612\" src=\"https:\/\/montanela.com.br\/wp-content\/themes\/arrival\/assets\/images\/placeholder.svg\" class=\"attachment-large size-large wp-image-485 lazy\" alt=\"\" data-src=\"https:\/\/montanela.com.br\/wp-content\/uploads\/2020\/07\/10-1024x979.png\" data-srcset=\"https:\/\/montanela.com.br\/wp-content\/uploads\/2020\/07\/10-1024x979.png 1024w, https:\/\/montanela.com.br\/wp-content\/uploads\/2020\/07\/10-300x287.png 300w, https:\/\/montanela.com.br\/wp-content\/uploads\/2020\/07\/10-768x735.png 768w, https:\/\/montanela.com.br\/wp-content\/uploads\/2020\/07\/10-1536x1469.png 1536w, https:\/\/montanela.com.br\/wp-content\/uploads\/2020\/07\/10.png 1655w\" data-sizes=\"(min-width: 960px) 75vw, 100vw\" \/>\t\t\t\t\t\t\t\t\t\t\t\t\t\t\t<\/div>\n\t\t\t\t\t<\/div>\n\t\t<\/div>\n\t\t\t\t\t<\/div>\n\t\t<\/section>\n\t\t\t\t<section class=\"elementor-section elementor-top-section elementor-element elementor-element-8e54310 elementor-section-boxed elementor-section-height-default elementor-section-height-default\" data-id=\"8e54310\" data-element_type=\"section\" data-e-type=\"section\" id=\"historico\">\n\t\t\t\t\t\t<div class=\"elementor-container elementor-column-gap-default\">\n\t\t\t\t\t<div class=\"elementor-column elementor-col-100 elementor-top-column elementor-element elementor-element-ee74858\" data-id=\"ee74858\" data-element_type=\"column\" data-e-type=\"column\">\n\t\t\t<div class=\"elementor-widget-wrap elementor-element-populated\">\n\t\t\t\t\t\t<div class=\"elementor-element elementor-element-43f34b0 elementor-widget-divider--view-line elementor-invisible elementor-widget elementor-widget-divider\" data-id=\"43f34b0\" data-element_type=\"widget\" data-e-type=\"widget\" data-settings=\"{&quot;_animation&quot;:&quot;slideInLeft&quot;}\" data-widget_type=\"divider.default\">\n\t\t\t\t\t\t\t<div class=\"elementor-divider\">\n\t\t\t<span class=\"elementor-divider-separator\">\n\t\t\t\t\t\t<\/span>\n\t\t<\/div>\n\t\t\t\t\t\t<\/div>\n\t\t\t\t<section class=\"elementor-section elementor-inner-section elementor-element elementor-element-cb272c7 elementor-section-boxed elementor-section-height-default elementor-section-height-default\" data-id=\"cb272c7\" data-element_type=\"section\" data-e-type=\"section\">\n\t\t\t\t\t\t<div class=\"elementor-container elementor-column-gap-default\">\n\t\t\t\t\t<div class=\"elementor-column elementor-col-100 elementor-inner-column elementor-element elementor-element-a28a41e\" data-id=\"a28a41e\" data-element_type=\"column\" data-e-type=\"column\">\n\t\t\t<div class=\"elementor-widget-wrap elementor-element-populated\">\n\t\t\t\t\t\t<div class=\"elementor-element elementor-element-c7ec853 elementor-invisible elementor-widget elementor-widget-heading\" data-id=\"c7ec853\" data-element_type=\"widget\" data-e-type=\"widget\" data-settings=\"{&quot;_animation&quot;:&quot;slideInLeft&quot;}\" data-widget_type=\"heading.default\">\n\t\t\t\t\t<h2 class=\"elementor-heading-title elementor-size-default\">Hist\u00f3rico<\/h2>\t\t\t\t<\/div>\n\t\t\t\t<div class=\"elementor-element elementor-element-4212fc4 elementor-invisible elementor-widget elementor-widget-heading\" data-id=\"4212fc4\" data-element_type=\"widget\" data-e-type=\"widget\" data-settings=\"{&quot;_animation&quot;:&quot;fadeInDown&quot;}\" data-widget_type=\"heading.default\">\n\t\t\t\t\t<p class=\"elementor-heading-title elementor-size-default\">O caminho at\u00e9 chegarmos aqui...<\/p>\t\t\t\t<\/div>\n\t\t\t\t<div class=\"elementor-element elementor-element-b31ee99 elementor-widget elementor-widget-text-editor\" data-id=\"b31ee99\" data-element_type=\"widget\" data-e-type=\"widget\" data-widget_type=\"text-editor.default\">\n\t\t\t\t\t\t\t\t\t<p>Juliano e Rodrigo Franco Kaipper, filhos de Ester Franco Kaipper e Adair Kaipper (in mem, 2013), por voca\u00e7\u00e3o herdada do pai, seguiram sua senda, o que iniciou pelos idos de 2000 com o transporte coletivo, iniciando com um \u00f4nibus. Fato marcante daquele per\u00edodo \u00e9 que por dois anos cruzaram o pa\u00eds transportando a equipe de FutSal \u201cApti\/Umbro\/UnoChapec\u00f3\u201d, de Chapec\u00f3, SC, na competi\u00e7\u00e3o da Liga Nacional.\u00a0<\/p>\t\t\t\t\t\t\t\t<\/div>\n\t\t\t\t<div class=\"elementor-element elementor-element-d16c56e elementor-widget elementor-widget-text-editor\" data-id=\"d16c56e\" data-element_type=\"widget\" data-e-type=\"widget\" data-widget_type=\"text-editor.default\">\n\t\t\t\t\t\t\t\t\t<p>No ano de 2008 iniciaram as atividades de transporte de cargas secas com dois caminh\u00f5es. Sempre capitaneado pelos dois irm\u00e3os, seguiram enfrentando e transpondo todos os problemas inerentes \u00e0 essa atividade, que n\u00e3o s\u00e3o poucos. A confian\u00e7a e o apoio ao quadro funcional, e a resposta desse, tamb\u00e9m foi fundamental para que se formasse um conjunto equilibrado na atividade, assim tamb\u00e9m contando com assessorias especializadas para o apoio nas mais diversas \u00e1reas.\u00a0 Voltando, queremos enfatizar a compet\u00eancia e o comprometimento de nossos\/as colaboradores\/as, por n\u00f3s reconhecido assim como tamb\u00e9m pelos nossos clientes.\u00a0<\/p>\t\t\t\t\t\t\t\t<\/div>\n\t\t\t\t<div class=\"elementor-element elementor-element-6baddca elementor-widget elementor-widget-text-editor\" data-id=\"6baddca\" data-element_type=\"widget\" data-e-type=\"widget\" data-widget_type=\"text-editor.default\">\n\t\t\t\t\t\t\t\t\t<p>A frota foi aumentando e se percebeu que a manuten\u00e7\u00e3o preventiva, e talvez pr\u00f3pria, fosse agregar ainda mais aos neg\u00f3cios da empresa, vindo montar sua pr\u00f3pria oficina.<\/p>\t\t\t\t\t\t\t\t<\/div>\n\t\t\t\t\t<\/div>\n\t\t<\/div>\n\t\t\t\t\t<\/div>\n\t\t<\/section>\n\t\t\t\t\t<\/div>\n\t\t<\/div>\n\t\t\t\t\t<\/div>\n\t\t<\/section>\n\t\t\t\t<\/div>\n\t\t","protected":false},"excerpt":{"rendered":"<p>conhe\u00e7a a franco: A Kaipper Continental Transportes, com o nome fantasia \u201cFranco Transportes\u201d, conta a experi\u00eancia de quem trabalha desde 2000 com transporte, inicialmente de pessoas e em 2008 migrando para o transporte de cargas. Somos reconhecidos pela responsabilidade com a integridade da mercadoria, o prazo de entrega a ser cumprido e a comunica\u00e7\u00e3o direta [&hellip;]<\/p>\n","protected":false},"author":1,"featured_media":0,"parent":0,"menu_order":0,"comment_status":"closed","ping_status":"closed","template":"","meta":{"footnotes":""},"class_list":["post-7","page","type-page","status-publish","hentry"],"_links":{"self":[{"href":"https:\/\/montanela.com.br\/index.php?rest_route=\/wp\/v2\/pages\/7","targetHints":{"allow":["GET"]}}],"collection":[{"href":"https:\/\/montanela.com.br\/index.php?rest_route=\/wp\/v2\/pages"}],"about":[{"href":"https:\/\/montanela.com.br\/index.php?rest_route=\/wp\/v2\/types\/page"}],"author":[{"embeddable":true,"href":"https:\/\/montanela.com.br\/index.php?rest_route=\/wp\/v2\/users\/1"}],"replies":[{"embeddable":true,"href":"https:\/\/montanela.com.br\/index.php?rest_route=%2Fwp%2Fv2%2Fcomments&post=7"}],"version-history":[{"count":100,"href":"https:\/\/montanela.com.br\/index.php?rest_route=\/wp\/v2\/pages\/7\/revisions"}],"predecessor-version":[{"id":1090,"href":"https:\/\/montanela.com.br\/index.php?rest_route=\/wp\/v2\/pages\/7\/revisions\/1090"}],"wp:attachment":[{"href":"https:\/\/montanela.com.br\/index.php?rest_route=%2Fwp%2Fv2%2Fmedia&parent=7"}],"curies":[{"name":"wp","href":"https:\/\/api.w.org\/{rel}","templated":true}]}}